{"id":4490,"date":"2024-06-05T13:54:33","date_gmt":"2024-06-05T11:54:33","guid":{"rendered":"http:\/\/www.lovgasmstore.com\/index.php\/prodotto\/esperienza-bdsm-fetish-kit-nero-serie-5-1-gratis\/"},"modified":"2025-05-12T18:34:31","modified_gmt":"2025-05-12T16:34:31","slug":"esperienza-bdsm-fetish-kit-nero-serie-5-1-gratis","status":"publish","type":"product","link":"https:\/\/www.lovgasmstore.com\/index.php\/prodotto\/esperienza-bdsm-fetish-kit-nero-serie-5-1-gratis\/","title":{"rendered":"EXPERIENCE &#8211; BDSM FETISH KIT NERO SERIE 5+1 GRATIS"},"content":{"rendered":"<p data-mce-fragment=\"1\" _msttexthash=\"8831511\" _msthash=\"961\">DSM \u00e8 una parola abbreviata che riunisce le iniziali delle seguenti parole: Bondage, Disciplina, Sottomissione e Masochismo.<\/p>\n<p data-mce-fragment=\"1\" _msttexthash=\"53290705\" _msthash=\"962\">Il BDSM si basa su una serie di comportamenti e azioni sessuali liberamente accettati e concordati dai partecipanti. Usiamo il sao o il sadomasochismo molte volte per definire le pratiche BDSM, in caso di errore. La caratteristica principale di questa alternativa sessuale \u00e8 il rispetto e la libert\u00e0 di ogni partecipante.<\/p>\n<p data-mce-fragment=\"1\" _msttexthash=\"25369175\" _msthash=\"963\">Con l&#8217;esperienza avrai tutto ci\u00f2 di cui hai bisogno per praticare il BDSM in questo set Bondage; Tutta pelle sintetica, tutta nera. Non ti perderai nulla sia che tu sia un principiante o un giocatore avanzato. Non ci credete?<\/p>\n<p data-mce-fragment=\"1\" _msttexthash=\"703261\" _msthash=\"964\">Il set comprende 11 pezzi unici:<\/p>\n<ul data-mce-fragment=\"1\">\n<li data-mce-fragment=\"1\" _msttexthash=\"419731\" _msthash=\"965\">Ganascia traspirante<\/li>\n<li data-mce-fragment=\"1\" _msttexthash=\"78585\" _msthash=\"966\">Frusta<\/li>\n<li data-mce-fragment=\"1\" _msttexthash=\"610077\" _msthash=\"967\">Set di manette in pelle a mano<\/li>\n<li data-mce-fragment=\"1\" _msttexthash=\"933556\" _msthash=\"968\">Set di polsini alla caviglia in pelle<\/li>\n<li data-mce-fragment=\"1\" _msttexthash=\"422305\" _msthash=\"969\">Penna per il solletico<\/li>\n<li data-mce-fragment=\"1\" _msttexthash=\"205101\" _msthash=\"970\">Pala da frusta<\/li>\n<li data-mce-fragment=\"1\" _msttexthash=\"110968\" _msthash=\"971\">Maschera<\/li>\n<li data-mce-fragment=\"1\" _msttexthash=\"357617\" _msthash=\"972\">Pinta per capezzoli<\/li>\n<li data-mce-fragment=\"1\" _msttexthash=\"173030\" _msthash=\"973\">Corde 5 metri<\/li>\n<li data-mce-fragment=\"1\" _msttexthash=\"908544\" _msthash=\"974\">Collare sottomesso con guinzaglio<\/li>\n<\/ul>\n<p data-mce-fragment=\"1\" _msttexthash=\"433420\" _msthash=\"975\">Restate sintonizzati<\/p>\n<p data-mce-fragment=\"1\" _msttexthash=\"21340917\" _msthash=\"976\">Entriamo nel significato di bondage. Devi essere sempre consapevole delle tue esigenze e di quelle del tuo partner. Se ritieni che qualcuno stia avendo delle complicazioni, fermati e chiedi se sta bene.<\/p>\n<p data-mce-fragment=\"1\" _msttexthash=\"15359838\" _msthash=\"977\">Una buona idea \u00e8 quella di stabilire una parola o un segno in codice, che pu\u00f2 essere qualsiasi cosa, per far sapere alla coppia che vogliono fermarsi o andare con pi\u00f9 calma.<\/p>\n<p data-mce-fragment=\"1\" _msttexthash=\"4867967\" _msthash=\"978\">Con l&#8217;Experience Black Kit ti assicuri un&#8217;esperienza sicura con un risultato emozionante.<\/p>\n","protected":false},"excerpt":{"rendered":"<p>DSM \u00e8 una parola abbreviata che riunisce le iniziali delle seguenti parole: Bondage, Disciplina, Sottomissione e Masochismo. Il BDSM si basa su una serie di comportamenti<span class=\"excerpt-hellip\"> [\u2026]<\/span><\/p>\n","protected":false},"featured_media":4758,"comment_status":"open","ping_status":"closed","template":"","meta":[],"product_brand":[],"product_cat":[223,247],"product_tag":[174,170,165,182],"class_list":{"0":"post-4490","1":"product","2":"type-product","3":"status-publish","4":"has-post-thumbnail","6":"product_cat-bondage","7":"product_cat-kit-bondage","8":"product_tag-bdsm","9":"product_tag-donna","10":"product_tag-sextoys","11":"product_tag-uomo","13":"first","14":"instock","15":"taxable","16":"shipping-taxable","17":"purchasable","18":"product-type-simple"},"_links":{"self":[{"href":"https:\/\/www.lovgasmstore.com\/index.php\/wp-json\/wp\/v2\/product\/4490","targetHints":{"allow":["GET"]}}],"collection":[{"href":"https:\/\/www.lovgasmstore.com\/index.php\/wp-json\/wp\/v2\/product"}],"about":[{"href":"https:\/\/www.lovgasmstore.com\/index.php\/wp-json\/wp\/v2\/types\/product"}],"replies":[{"embeddable":true,"href":"https:\/\/www.lovgasmstore.com\/index.php\/wp-json\/wp\/v2\/comments?post=4490"}],"version-history":[{"count":2,"href":"https:\/\/www.lovgasmstore.com\/index.php\/wp-json\/wp\/v2\/product\/4490\/revisions"}],"predecessor-version":[{"id":6122,"href":"https:\/\/www.lovgasmstore.com\/index.php\/wp-json\/wp\/v2\/product\/4490\/revisions\/6122"}],"wp:featuredmedia":[{"embeddable":true,"href":"https:\/\/www.lovgasmstore.com\/index.php\/wp-json\/wp\/v2\/media\/4758"}],"wp:attachment":[{"href":"https:\/\/www.lovgasmstore.com\/index.php\/wp-json\/wp\/v2\/media?parent=4490"}],"wp:term":[{"taxonomy":"product_brand","embeddable":true,"href":"https:\/\/www.lovgasmstore.com\/index.php\/wp-json\/wp\/v2\/product_brand?post=4490"},{"taxonomy":"product_cat","embeddable":true,"href":"https:\/\/www.lovgasmstore.com\/index.php\/wp-json\/wp\/v2\/product_cat?post=4490"},{"taxonomy":"product_tag","embeddable":true,"href":"https:\/\/www.lovgasmstore.com\/index.php\/wp-json\/wp\/v2\/product_tag?post=4490"}],"curies":[{"name":"wp","href":"https:\/\/api.w.org\/{rel}","templated":true}]}}