{"id":4482,"date":"2024-06-05T13:53:49","date_gmt":"2024-06-05T11:53:49","guid":{"rendered":"http:\/\/www.lovgasmstore.com\/index.php\/prodotto\/durex-soft-sensitive\/"},"modified":"2025-05-12T18:17:59","modified_gmt":"2025-05-12T16:17:59","slug":"durex-soft-sensitive","status":"publish","type":"product","link":"https:\/\/www.lovgasmstore.com\/index.php\/prodotto\/durex-soft-sensitive\/","title":{"rendered":"DUREX &#8211; SOFT SENSITIVE 144 UNITA&#8217;"},"content":{"rendered":"<p><meta charset=\"UTF-8\"><\/p>\n<p data-mce-fragment=\"1\">Cerchi un preservativo pi\u00f9 sottile? Prova Durex Sensitive Soft progettato con una migliore vestibilit\u00e0, facile da indossare e allo stesso tempo fornisce la stessa sicurezza e protezione dei preservativi standard.<\/p>\n<p data-mce-fragment=\"1\">Caratteristiche morbide sensibili Durex:<\/p>\n<ul data-mce-fragment=\"1\">\n<li data-mce-fragment=\"1\">Preservativo in lattice di gomma naturale, sottile trasparente e lubrificato, forma anatomica Easy-On, con deposito<\/li>\n<li data-mce-fragment=\"1\">Larghezza nominale: 56 mm<\/li>\n<\/ul>\n<p data-mce-fragment=\"1\">Il modo speciale in cui Durex Sensitive Soft \u00e8 stato prodotto fa s\u00ec che abbiano un odore migliore, cos\u00ec non ci sono distrazioni scomode e puoi rilassarti e divertirti.<\/p>\n<p data-mce-fragment=\"1\">Leggi attentamente il libretto contenente l&#8217;interno di questa custodia, soprattutto se usi il preservativo per il sesso orale o anale<\/p>\n<ul data-mce-fragment=\"1\">\n<li data-mce-fragment=\"1\">Confezione 144 pz<\/li>\n<\/ul>\n","protected":false},"excerpt":{"rendered":"<p>Cerchi un preservativo pi\u00f9 sottile? Prova Durex Sensitive Soft progettato con una migliore vestibilit\u00e0, facile da indossare e allo stesso tempo fornisce la stessa sicurezza e<span class=\"excerpt-hellip\"> [\u2026]<\/span><\/p>\n","protected":false},"featured_media":4750,"comment_status":"open","ping_status":"closed","template":"","meta":[],"product_brand":[],"product_cat":[237,239],"product_tag":[165,182,204],"class_list":{"0":"post-4482","1":"product","2":"type-product","3":"status-publish","4":"has-post-thumbnail","6":"product_cat-preservativi","7":"product_cat-preservativo-ultrasottile","8":"product_tag-sextoys","9":"product_tag-uomo","10":"product_tag-vibrator","12":"first","13":"instock","14":"taxable","15":"shipping-taxable","16":"purchasable","17":"product-type-simple"},"_links":{"self":[{"href":"https:\/\/www.lovgasmstore.com\/index.php\/wp-json\/wp\/v2\/product\/4482","targetHints":{"allow":["GET"]}}],"collection":[{"href":"https:\/\/www.lovgasmstore.com\/index.php\/wp-json\/wp\/v2\/product"}],"about":[{"href":"https:\/\/www.lovgasmstore.com\/index.php\/wp-json\/wp\/v2\/types\/product"}],"replies":[{"embeddable":true,"href":"https:\/\/www.lovgasmstore.com\/index.php\/wp-json\/wp\/v2\/comments?post=4482"}],"version-history":[{"count":2,"href":"https:\/\/www.lovgasmstore.com\/index.php\/wp-json\/wp\/v2\/product\/4482\/revisions"}],"predecessor-version":[{"id":6126,"href":"https:\/\/www.lovgasmstore.com\/index.php\/wp-json\/wp\/v2\/product\/4482\/revisions\/6126"}],"wp:featuredmedia":[{"embeddable":true,"href":"https:\/\/www.lovgasmstore.com\/index.php\/wp-json\/wp\/v2\/media\/4750"}],"wp:attachment":[{"href":"https:\/\/www.lovgasmstore.com\/index.php\/wp-json\/wp\/v2\/media?parent=4482"}],"wp:term":[{"taxonomy":"product_brand","embeddable":true,"href":"https:\/\/www.lovgasmstore.com\/index.php\/wp-json\/wp\/v2\/product_brand?post=4482"},{"taxonomy":"product_cat","embeddable":true,"href":"https:\/\/www.lovgasmstore.com\/index.php\/wp-json\/wp\/v2\/product_cat?post=4482"},{"taxonomy":"product_tag","embeddable":true,"href":"https:\/\/www.lovgasmstore.com\/index.php\/wp-json\/wp\/v2\/product_tag?post=4482"}],"curies":[{"name":"wp","href":"https:\/\/api.w.org\/{rel}","templated":true}]}}