{"id":4480,"date":"2024-06-05T13:53:36","date_gmt":"2024-06-05T11:53:36","guid":{"rendered":"http:\/\/www.lovgasmstore.com\/index.php\/prodotto\/durex-sensazione-reale\/"},"modified":"2025-05-12T18:18:12","modified_gmt":"2025-05-12T16:18:12","slug":"durex-sensazione-reale","status":"publish","type":"product","link":"https:\/\/www.lovgasmstore.com\/index.php\/prodotto\/durex-sensazione-reale\/","title":{"rendered":"DUREX &#8211; SENSAZIONE REALE 12 UNITA&#8217;"},"content":{"rendered":"<p><meta charset=\"UTF-8\"><\/p>\n<p data-mce-fragment=\"1\">Durex RealFeel sono preservativi di nuova generazione realizzati con materiale tecnologicamente avanzato<strong> privo di lattice<\/strong> per garantire una sensazione naturale di contatto pelle a pelle.<\/p>\n<p data-mce-fragment=\"1\">Il materiale RealFeel migliora la tua vita sessuale e massimizza il piacere tuo e del tuo partner grazie a una combinazione di intimit\u00e0, sensibilit\u00e0 e connettivit\u00e0.<\/p>\n<p data-mce-fragment=\"1\">Caratteristiche Durex RealFeel:<\/p>\n<ul data-mce-fragment=\"1\">\n<li data-mce-fragment=\"1\">L&#8217;ultimo materiale Real-Feel per una sensazione di contatto naturale con la pelle, preservativi realizzati senza lattice<\/li>\n<li data-mce-fragment=\"1\">Clinicamente testato<\/li>\n<li data-mce-fragment=\"1\">Trasparente, lubrificato con deposito<\/li>\n<li data-mce-fragment=\"1\">Larghezza nominale: 56 mm<\/li>\n<li data-mce-fragment=\"1\">Scatola da 12 unit\u00e0<\/li>\n<\/ul>\n","protected":false},"excerpt":{"rendered":"<p>Durex RealFeel sono preservativi di nuova generazione realizzati con materiale tecnologicamente avanzato privo di lattice per garantire una sensazione naturale di contatto pelle a pelle. Il<span class=\"excerpt-hellip\"> [\u2026]<\/span><\/p>\n","protected":false},"featured_media":4747,"comment_status":"open","ping_status":"closed","template":"","meta":[],"product_brand":[],"product_cat":[237,239],"product_tag":[],"class_list":{"0":"post-4480","1":"product","2":"type-product","3":"status-publish","4":"has-post-thumbnail","6":"product_cat-preservativi","7":"product_cat-preservativo-ultrasottile","9":"first","10":"instock","11":"taxable","12":"shipping-taxable","13":"purchasable","14":"product-type-simple"},"_links":{"self":[{"href":"https:\/\/www.lovgasmstore.com\/index.php\/wp-json\/wp\/v2\/product\/4480","targetHints":{"allow":["GET"]}}],"collection":[{"href":"https:\/\/www.lovgasmstore.com\/index.php\/wp-json\/wp\/v2\/product"}],"about":[{"href":"https:\/\/www.lovgasmstore.com\/index.php\/wp-json\/wp\/v2\/types\/product"}],"replies":[{"embeddable":true,"href":"https:\/\/www.lovgasmstore.com\/index.php\/wp-json\/wp\/v2\/comments?post=4480"}],"version-history":[{"count":2,"href":"https:\/\/www.lovgasmstore.com\/index.php\/wp-json\/wp\/v2\/product\/4480\/revisions"}],"predecessor-version":[{"id":6127,"href":"https:\/\/www.lovgasmstore.com\/index.php\/wp-json\/wp\/v2\/product\/4480\/revisions\/6127"}],"wp:featuredmedia":[{"embeddable":true,"href":"https:\/\/www.lovgasmstore.com\/index.php\/wp-json\/wp\/v2\/media\/4747"}],"wp:attachment":[{"href":"https:\/\/www.lovgasmstore.com\/index.php\/wp-json\/wp\/v2\/media?parent=4480"}],"wp:term":[{"taxonomy":"product_brand","embeddable":true,"href":"https:\/\/www.lovgasmstore.com\/index.php\/wp-json\/wp\/v2\/product_brand?post=4480"},{"taxonomy":"product_cat","embeddable":true,"href":"https:\/\/www.lovgasmstore.com\/index.php\/wp-json\/wp\/v2\/product_cat?post=4480"},{"taxonomy":"product_tag","embeddable":true,"href":"https:\/\/www.lovgasmstore.com\/index.php\/wp-json\/wp\/v2\/product_tag?post=4480"}],"curies":[{"name":"wp","href":"https:\/\/api.w.org\/{rel}","templated":true}]}}