{"id":4473,"date":"2024-06-05T13:52:50","date_gmt":"2024-06-05T11:52:50","guid":{"rendered":"http:\/\/www.lovgasmstore.com\/index.php\/prodotto\/durex-morbido-e-sensibile\/"},"modified":"2025-05-12T18:18:20","modified_gmt":"2025-05-12T16:18:20","slug":"durex-morbido-e-sensibile","status":"publish","type":"product","link":"https:\/\/www.lovgasmstore.com\/index.php\/prodotto\/durex-morbido-e-sensibile\/","title":{"rendered":"DUREX &#8211; MORBIDO E SENSIBILE 24 UNITA&#8217;"},"content":{"rendered":"<p><meta charset=\"UTF-8\"><\/p>\n<p data-mce-fragment=\"1\">Cerchi un preservativo pi\u00f9 sottile? Prova Durex Sensitive Soft progettato con una migliore vestibilit\u00e0, facile da indossare e allo stesso tempo fornisce la stessa sicurezza e protezione dei preservativi standard.<\/p>\n<ul data-mce-fragment=\"1\">\n<li data-mce-fragment=\"1\">Caratteristiche morbide sensibili Durex:<\/li>\n<li data-mce-fragment=\"1\">Preservativo in lattice di gomma naturale, sottile trasparente e lubrificato, forma anatomica Easy-On, con deposito<\/li>\n<li data-mce-fragment=\"1\">Larghezza nominale: 56 mm<\/li>\n<\/ul>\n<p data-mce-fragment=\"1\">Il modo speciale in cui Durex Sensitive Soft \u00e8 stato prodotto fa s\u00ec che abbiano un odore migliore, cos\u00ec non ci sono distrazioni scomode e puoi rilassarti e divertirti. Leggi attentamente il libretto contenente l&#8217;interno di questa custodia, soprattutto se usi il preservativo per il sesso orale o anale<\/p>\n<ul data-mce-fragment=\"1\">\n<li data-mce-fragment=\"1\">Valigetta 24 pz<\/li>\n<\/ul>\n","protected":false},"excerpt":{"rendered":"<p>Cerchi un preservativo pi\u00f9 sottile? Prova Durex Sensitive Soft progettato con una migliore vestibilit\u00e0, facile da indossare e allo stesso tempo fornisce la stessa sicurezza e<span class=\"excerpt-hellip\"> [\u2026]<\/span><\/p>\n","protected":false},"featured_media":4738,"comment_status":"open","ping_status":"closed","template":"","meta":[],"product_brand":[],"product_cat":[237,239],"product_tag":[213,201,214,199,165],"class_list":{"0":"post-4473","1":"product","2":"type-product","3":"status-publish","4":"has-post-thumbnail","6":"product_cat-preservativi","7":"product_cat-preservativo-ultrasottile","8":"product_tag-bocca","9":"product_tag-durex","10":"product_tag-masturbatore-pene","11":"product_tag-preservativi","12":"product_tag-sextoys","14":"first","15":"instock","16":"taxable","17":"shipping-taxable","18":"purchasable","19":"product-type-simple"},"_links":{"self":[{"href":"https:\/\/www.lovgasmstore.com\/index.php\/wp-json\/wp\/v2\/product\/4473","targetHints":{"allow":["GET"]}}],"collection":[{"href":"https:\/\/www.lovgasmstore.com\/index.php\/wp-json\/wp\/v2\/product"}],"about":[{"href":"https:\/\/www.lovgasmstore.com\/index.php\/wp-json\/wp\/v2\/types\/product"}],"replies":[{"embeddable":true,"href":"https:\/\/www.lovgasmstore.com\/index.php\/wp-json\/wp\/v2\/comments?post=4473"}],"version-history":[{"count":2,"href":"https:\/\/www.lovgasmstore.com\/index.php\/wp-json\/wp\/v2\/product\/4473\/revisions"}],"predecessor-version":[{"id":6131,"href":"https:\/\/www.lovgasmstore.com\/index.php\/wp-json\/wp\/v2\/product\/4473\/revisions\/6131"}],"wp:featuredmedia":[{"embeddable":true,"href":"https:\/\/www.lovgasmstore.com\/index.php\/wp-json\/wp\/v2\/media\/4738"}],"wp:attachment":[{"href":"https:\/\/www.lovgasmstore.com\/index.php\/wp-json\/wp\/v2\/media?parent=4473"}],"wp:term":[{"taxonomy":"product_brand","embeddable":true,"href":"https:\/\/www.lovgasmstore.com\/index.php\/wp-json\/wp\/v2\/product_brand?post=4473"},{"taxonomy":"product_cat","embeddable":true,"href":"https:\/\/www.lovgasmstore.com\/index.php\/wp-json\/wp\/v2\/product_cat?post=4473"},{"taxonomy":"product_tag","embeddable":true,"href":"https:\/\/www.lovgasmstore.com\/index.php\/wp-json\/wp\/v2\/product_tag?post=4473"}],"curies":[{"name":"wp","href":"https:\/\/api.w.org\/{rel}","templated":true}]}}