{"id":4447,"date":"2024-06-05T13:49:31","date_gmt":"2024-06-05T11:49:31","guid":{"rendered":"http:\/\/www.lovgasmstore.com\/index.php\/prodotto\/control-adapta\/"},"modified":"2025-05-12T18:18:55","modified_gmt":"2025-05-12T16:18:55","slug":"control-adapta","status":"publish","type":"product","link":"https:\/\/www.lovgasmstore.com\/index.php\/prodotto\/control-adapta\/","title":{"rendered":"CONTROL &#8211; FINISSIMO 24 UNITA&#8217;"},"content":{"rendered":"<p><meta charset=\"UTF-8\"><\/p>\n<p data-mce-fragment=\"1\">Lo speciale design di Control Adapta Senso consente una perfetta adattabilit\u00e0, rendendo il tuo rapporto sessuale pi\u00f9 soddisfacente. Il suo spessore ancora pi\u00f9 sottile aumenta anche la sensibilit\u00e0 durante il rapporto.<\/p>\n<div class=\"rte\" id=\"idTab1\" data-mce-fragment=\"1\">\n<p data-mce-fragment=\"1\">Control Adapta Senso \u00e8 un preservativo in lattice di gomma naturale di altissima qualit\u00e0, sottile, liscio, anatomico, con lati non paralleli, trasparente, lubrificato e con un deposito<\/p>\n<ul data-mce-fragment=\"1\">\n<li data-mce-fragment=\"1\">Misure: Larghezza 54 mm.<\/li>\n<li data-mce-fragment=\"1\">Dermatologicamente testato.<\/li>\n<li data-mce-fragment=\"1\">Confezione da 24 preservativi.<\/li>\n<\/ul>\n<\/div>\n","protected":false},"excerpt":{"rendered":"<p>Lo speciale design di Control Adapta Senso consente una perfetta adattabilit\u00e0, rendendo il tuo rapporto sessuale pi\u00f9 soddisfacente. Il suo spessore ancora pi\u00f9 sottile aumenta anche<span class=\"excerpt-hellip\"> [\u2026]<\/span><\/p>\n","protected":false},"featured_media":4648,"comment_status":"open","ping_status":"closed","template":"","meta":[],"product_brand":[],"product_cat":[237,239],"product_tag":[170,199,165,182],"class_list":{"0":"post-4447","1":"product","2":"type-product","3":"status-publish","4":"has-post-thumbnail","6":"product_cat-preservativi","7":"product_cat-preservativo-ultrasottile","8":"product_tag-donna","9":"product_tag-preservativi","10":"product_tag-sextoys","11":"product_tag-uomo","13":"first","14":"instock","15":"taxable","16":"shipping-taxable","17":"purchasable","18":"product-type-simple"},"_links":{"self":[{"href":"https:\/\/www.lovgasmstore.com\/index.php\/wp-json\/wp\/v2\/product\/4447","targetHints":{"allow":["GET"]}}],"collection":[{"href":"https:\/\/www.lovgasmstore.com\/index.php\/wp-json\/wp\/v2\/product"}],"about":[{"href":"https:\/\/www.lovgasmstore.com\/index.php\/wp-json\/wp\/v2\/types\/product"}],"replies":[{"embeddable":true,"href":"https:\/\/www.lovgasmstore.com\/index.php\/wp-json\/wp\/v2\/comments?post=4447"}],"version-history":[{"count":2,"href":"https:\/\/www.lovgasmstore.com\/index.php\/wp-json\/wp\/v2\/product\/4447\/revisions"}],"predecessor-version":[{"id":6146,"href":"https:\/\/www.lovgasmstore.com\/index.php\/wp-json\/wp\/v2\/product\/4447\/revisions\/6146"}],"wp:featuredmedia":[{"embeddable":true,"href":"https:\/\/www.lovgasmstore.com\/index.php\/wp-json\/wp\/v2\/media\/4648"}],"wp:attachment":[{"href":"https:\/\/www.lovgasmstore.com\/index.php\/wp-json\/wp\/v2\/media?parent=4447"}],"wp:term":[{"taxonomy":"product_brand","embeddable":true,"href":"https:\/\/www.lovgasmstore.com\/index.php\/wp-json\/wp\/v2\/product_brand?post=4447"},{"taxonomy":"product_cat","embeddable":true,"href":"https:\/\/www.lovgasmstore.com\/index.php\/wp-json\/wp\/v2\/product_cat?post=4447"},{"taxonomy":"product_tag","embeddable":true,"href":"https:\/\/www.lovgasmstore.com\/index.php\/wp-json\/wp\/v2\/product_tag?post=4447"}],"curies":[{"name":"wp","href":"https:\/\/api.w.org\/{rel}","templated":true}]}}