{"id":4444,"date":"2024-06-05T13:49:11","date_gmt":"2024-06-05T11:49:11","guid":{"rendered":"http:\/\/www.lovgasmstore.com\/index.php\/prodotto\/easy-way-finissimo\/"},"modified":"2025-05-12T18:19:19","modified_gmt":"2025-05-12T16:19:19","slug":"easy-way-finissimo","status":"publish","type":"product","link":"https:\/\/www.lovgasmstore.com\/index.php\/prodotto\/easy-way-finissimo\/","title":{"rendered":"CONTROL &#8211; EASY WAY FINISSIMO 10 UNITA&#8217;"},"content":{"rendered":"<p><meta charset=\"UTF-8\"><\/p>\n<p data-mce-fragment=\"1\">C&#8217;\u00e8 sempre un modo pi\u00f9 semplice. Nei momenti pi\u00f9 intimi, ogni secondo conta. Per questo, scopri il primo preservativo Control con applicatore Easy Way.<\/p>\n<p data-mce-fragment=\"1\">L&#8217;applicatore Easy Way facilita il posizionamento del preservativo, rapidamente e facilmente.<\/p>\n<ul data-mce-fragment=\"1\">\n<li data-mce-fragment=\"1\">1.- Indica il lato corretto per iniziare lo svolgimento.<\/li>\n<li data-mce-fragment=\"1\">2.- Una morbida striscia svolge il profilattico con un movimento semplice e agile.<\/li>\n<\/ul>\n<p data-mce-fragment=\"1\">Larghezza nominale 54 mm<\/p>\n","protected":false},"excerpt":{"rendered":"<p>C&#8217;\u00e8 sempre un modo pi\u00f9 semplice. Nei momenti pi\u00f9 intimi, ogni secondo conta. Per questo, scopri il primo preservativo Control con applicatore Easy Way. L&#8217;applicatore Easy<span class=\"excerpt-hellip\"> [\u2026]<\/span><\/p>\n","protected":false},"featured_media":4639,"comment_status":"open","ping_status":"closed","template":"","meta":[],"product_brand":[],"product_cat":[237,239],"product_tag":[170,199,165,182],"class_list":{"0":"post-4444","1":"product","2":"type-product","3":"status-publish","4":"has-post-thumbnail","6":"product_cat-preservativi","7":"product_cat-preservativo-ultrasottile","8":"product_tag-donna","9":"product_tag-preservativi","10":"product_tag-sextoys","11":"product_tag-uomo","13":"first","14":"instock","15":"taxable","16":"shipping-taxable","17":"purchasable","18":"product-type-simple"},"_links":{"self":[{"href":"https:\/\/www.lovgasmstore.com\/index.php\/wp-json\/wp\/v2\/product\/4444","targetHints":{"allow":["GET"]}}],"collection":[{"href":"https:\/\/www.lovgasmstore.com\/index.php\/wp-json\/wp\/v2\/product"}],"about":[{"href":"https:\/\/www.lovgasmstore.com\/index.php\/wp-json\/wp\/v2\/types\/product"}],"replies":[{"embeddable":true,"href":"https:\/\/www.lovgasmstore.com\/index.php\/wp-json\/wp\/v2\/comments?post=4444"}],"version-history":[{"count":2,"href":"https:\/\/www.lovgasmstore.com\/index.php\/wp-json\/wp\/v2\/product\/4444\/revisions"}],"predecessor-version":[{"id":6148,"href":"https:\/\/www.lovgasmstore.com\/index.php\/wp-json\/wp\/v2\/product\/4444\/revisions\/6148"}],"wp:featuredmedia":[{"embeddable":true,"href":"https:\/\/www.lovgasmstore.com\/index.php\/wp-json\/wp\/v2\/media\/4639"}],"wp:attachment":[{"href":"https:\/\/www.lovgasmstore.com\/index.php\/wp-json\/wp\/v2\/media?parent=4444"}],"wp:term":[{"taxonomy":"product_brand","embeddable":true,"href":"https:\/\/www.lovgasmstore.com\/index.php\/wp-json\/wp\/v2\/product_brand?post=4444"},{"taxonomy":"product_cat","embeddable":true,"href":"https:\/\/www.lovgasmstore.com\/index.php\/wp-json\/wp\/v2\/product_cat?post=4444"},{"taxonomy":"product_tag","embeddable":true,"href":"https:\/\/www.lovgasmstore.com\/index.php\/wp-json\/wp\/v2\/product_tag?post=4444"}],"curies":[{"name":"wp","href":"https:\/\/api.w.org\/{rel}","templated":true}]}}