{"id":4441,"date":"2024-06-05T13:48:48","date_gmt":"2024-06-05T11:48:48","guid":{"rendered":"http:\/\/www.lovgasmstore.com\/index.php\/prodotto\/cici-beauty-premium-3-vibrator\/"},"modified":"2025-05-12T18:16:56","modified_gmt":"2025-05-12T16:16:56","slug":"cici-beauty-premium-3-vibrator","status":"publish","type":"product","link":"https:\/\/www.lovgasmstore.com\/index.php\/prodotto\/cici-beauty-premium-3-vibrator\/","title":{"rendered":"CICI BEAUTY &#8211; PREMIUM 3 VIBRATOR"},"content":{"rendered":"<p>Con questo set di sfere dell&#8217;amore, l&#8217;allenamento quotidiano sar\u00e0 pi\u00f9 comodo che mai! Con un peso di 35 grammi, la palla dell&#8217;amore singola \u00e8 perfetta per i principianti. La doppia palla dell&#8217;amore ti sfida molto di pi\u00f9 con un peso di 65 grammi.<\/p>\n<p>La sfera dell&#8217;amore vibrante \u00e8 al centro con un peso di 60 grammi. La funzione di vibrazione, che ti stimola anche, \u00e8 speciale qui. Con il telecomando incluso alimentato dalla tecnologia WATCHME, puoi selezionare facilmente i programmi o persino lasciare il controllo al tuo amante.<\/p>\n<p>Il materiale delicato sulla pelle \u00e8 perfetto sulla pelle. Anche la superficie leggermente strutturata delle sfere dell&#8217;amore ti stimola. Un comodo cavo in silicone retrattile sicuro consente una facile rimozione delle palline. Se vuoi indossare le tue nuove palle dell&#8217;amore in caso di pioggia, niente ti ostacola.<\/p>\n<p>\u00a0<\/p>\n<p>Caratteristiche<\/p>\n<p>Metti le palle dell&#8217;amore per rafforzare il pavimento pelvico.<\/p>\n<ul>\n<li>4,1 x 3,3 cm &#8211; 35 g<\/li>\n<li>3,5&#8243; x 1,25&#8243; x 1,35&#8243; &#8211; 70 g<\/li>\n<li>9,9 x 3,65 x 3,75 cm &#8211; 60 g<\/li>\n<\/ul>\n<p>Silicone liscio come la seta.<\/p>\n<ul>\n<li>Vibrazione profonda super intensa nel set di sfere vibranti.<\/li>\n<li>Tecnologia watchme per il controllo remoto.<\/li>\n<li>Batteria agli ioni di litio<\/li>\n<li>USB ricaricabile<\/li>\n<li>Impermeabile IPX7<\/li>\n<li>10 modalit\u00e0 di vibrazione<\/li>\n<li>Adatto per rafforzare il pavimento pelvico.<\/li>\n<li>Impermeabile al 100% per una facile pulizia e bagni pi\u00f9 caldi che caldi<\/li>\n<li>Vibratore 100% vegano<\/li>\n<\/ul>\n","protected":false},"excerpt":{"rendered":"<p>Con questo set di sfere dell&#8217;amore, l&#8217;allenamento quotidiano sar\u00e0 pi\u00f9 comodo che mai! Con un peso di 35 grammi, la palla dell&#8217;amore singola \u00e8 perfetta per<span class=\"excerpt-hellip\"> [\u2026]<\/span><\/p>\n","protected":false},"featured_media":4621,"comment_status":"open","ping_status":"closed","template":"","meta":[],"product_brand":[],"product_cat":[228,219],"product_tag":[170,192,187,165],"class_list":{"0":"post-4441","1":"product","2":"type-product","3":"status-publish","4":"has-post-thumbnail","6":"product_cat-palline-vaginali","7":"product_cat-vagina","8":"product_tag-donna","9":"product_tag-kegel","10":"product_tag-palline-vaginali","11":"product_tag-sextoys","13":"first","14":"instock","15":"taxable","16":"shipping-taxable","17":"purchasable","18":"product-type-simple"},"_links":{"self":[{"href":"https:\/\/www.lovgasmstore.com\/index.php\/wp-json\/wp\/v2\/product\/4441","targetHints":{"allow":["GET"]}}],"collection":[{"href":"https:\/\/www.lovgasmstore.com\/index.php\/wp-json\/wp\/v2\/product"}],"about":[{"href":"https:\/\/www.lovgasmstore.com\/index.php\/wp-json\/wp\/v2\/types\/product"}],"replies":[{"embeddable":true,"href":"https:\/\/www.lovgasmstore.com\/index.php\/wp-json\/wp\/v2\/comments?post=4441"}],"version-history":[{"count":2,"href":"https:\/\/www.lovgasmstore.com\/index.php\/wp-json\/wp\/v2\/product\/4441\/revisions"}],"predecessor-version":[{"id":6150,"href":"https:\/\/www.lovgasmstore.com\/index.php\/wp-json\/wp\/v2\/product\/4441\/revisions\/6150"}],"wp:featuredmedia":[{"embeddable":true,"href":"https:\/\/www.lovgasmstore.com\/index.php\/wp-json\/wp\/v2\/media\/4621"}],"wp:attachment":[{"href":"https:\/\/www.lovgasmstore.com\/index.php\/wp-json\/wp\/v2\/media?parent=4441"}],"wp:term":[{"taxonomy":"product_brand","embeddable":true,"href":"https:\/\/www.lovgasmstore.com\/index.php\/wp-json\/wp\/v2\/product_brand?post=4441"},{"taxonomy":"product_cat","embeddable":true,"href":"https:\/\/www.lovgasmstore.com\/index.php\/wp-json\/wp\/v2\/product_cat?post=4441"},{"taxonomy":"product_tag","embeddable":true,"href":"https:\/\/www.lovgasmstore.com\/index.php\/wp-json\/wp\/v2\/product_tag?post=4441"}],"curies":[{"name":"wp","href":"https:\/\/api.w.org\/{rel}","templated":true}]}}