{"id":4437,"date":"2024-06-05T13:48:18","date_gmt":"2024-06-05T11:48:18","guid":{"rendered":"http:\/\/www.lovgasmstore.com\/index.php\/prodotto\/black-hole-gel-dilatazione-anale-a-base-dacqua\/"},"modified":"2025-05-12T18:31:25","modified_gmt":"2025-05-12T16:31:25","slug":"black-hole-gel-dilatazione-anale-a-base-dacqua","status":"publish","type":"product","link":"https:\/\/www.lovgasmstore.com\/index.php\/prodotto\/black-hole-gel-dilatazione-anale-a-base-dacqua\/","title":{"rendered":"BLACK HOLE &#8211; GEL DILATAZIONE ANALE A BASE D&#8217;ACQUA"},"content":{"rendered":"<p data-mce-fragment=\"1\" _msttexthash=\"135336422\" _msthash=\"986\">Black Hole, senza dubbio l&#8217;opzione migliore, dilatatore e rilassante \u00e8 appositamente progettato per la pratica del sesso anale, essendo il lubrificante dilatante per eccellenza. Si tratta di un lubrificante anale di altissima qualit\u00e0 consigliato sia per tutti coloro che vogliono iniziare a praticare sesso anale che per utenti esperti. Molte coppie sono curiose, ma molte non osano provarlo&#8230; L&#8217;idea che possa causare dolore spesso fa s\u00ec che questa pratica venga messa da parte, essendo una delle pi\u00f9 piacevoli.<\/p>\n<p data-mce-fragment=\"1\" _msttexthash=\"72398443\" _msthash=\"987\">Black Hole Anal Relax \u00e8 stato sviluppato appositamente per il piacere anale. Grazie all&#8217;effetto leggermente paralizzante, lo sfintere \u00e8 efficacemente rilassato e garantisce cos\u00ec una penetrazione indolore senza perdita di sensibilit\u00e0. Basta massaggiare delicatamente nell&#8217;ano, lasciarlo in posa per un breve periodo e iniziare la tua avventura d&#8217;amore anale rilassata.<\/p>\n<p data-mce-fragment=\"1\" _msttexthash=\"87403368\" _msthash=\"988\">La speciale composizione senza grasso del lubrificante \u00e8 solubile in acqua e pu\u00f2 quindi essere facilmente lavata via con acqua, non ha coloranti e non lascia tracce, anche nei momenti emozionanti. Con una consistenza liscia come la seta che rende la pelle piacevole e con una copertura ottimale, The Black Hole Anal realax \u00e8 ideale per fare l&#8217;amore in modo soddisfacente e senza preoccupazioni. Qualit\u00e0 made in Europe!<\/p>\n<p data-mce-fragment=\"1\" _msttexthash=\"304889\" _msthash=\"989\">Caratteristiche:<\/p>\n<ul data-mce-fragment=\"1\">\n<li data-mce-fragment=\"1\" _msttexthash=\"1050816\" _msthash=\"990\">Elevato potere rilassante e dilatante<\/li>\n<li data-mce-fragment=\"1\" _msttexthash=\"605423\" _msthash=\"991\">Lubrificante a base acquosa<\/li>\n<li data-mce-fragment=\"1\" _msttexthash=\"1628549\" _msthash=\"992\">Soprattutto per forti dilatazioni (ad es. Fisting)<\/li>\n<li data-mce-fragment=\"1\" _msttexthash=\"806624\" _msthash=\"993\">Compatibile con il preservativo<\/li>\n<li data-mce-fragment=\"1\" _msttexthash=\"648180\" _msthash=\"994\">Incolore, inodore e insapore<\/li>\n<li data-mce-fragment=\"1\" _msttexthash=\"95589\" _msthash=\"995\">Non unge<\/li>\n<li data-mce-fragment=\"1\" _msttexthash=\"190268\" _msthash=\"996\">Formato: 250\u00a0ml<\/li>\n<\/ul>\n<p data-mce-fragment=\"1\" _msttexthash=\"269984\" _msthash=\"997\">BLACK HOLE ANAL RELAX<\/p>\n<p data-mce-fragment=\"1\" _msttexthash=\"65384761\" _msthash=\"998\">Produciamo in base all&#8217;esperienza e a quanto sia importante provare cose nuove e ampliare i propri orizzonti sessuali. L&#8217;argomento tab\u00f9 perenne del sesso anale \u00e8 ora socialmente accettabile e praticato normalmente per milioni di persone. Questo lubrificante leggermente anestetizzante \u00e8 stato sviluppato per facilitare l&#8217;inizio del rapporto anale<\/p>\n","protected":false},"excerpt":{"rendered":"<p>Black Hole, senza dubbio l&#8217;opzione migliore, dilatatore e rilassante \u00e8 appositamente progettato per la pratica del sesso anale, essendo il lubrificante dilatante per eccellenza. Si tratta<span class=\"excerpt-hellip\"> [\u2026]<\/span><\/p>\n","protected":false},"featured_media":4580,"comment_status":"open","ping_status":"closed","template":"","meta":[],"product_brand":[],"product_cat":[244,222],"product_tag":[203,169,167,182],"class_list":{"0":"post-4437","1":"product","2":"type-product","3":"status-publish","4":"has-post-thumbnail","6":"product_cat-lubrificante-anale","7":"product_cat-lubrificanti","8":"product_tag-anale","9":"product_tag-base-dacqua","10":"product_tag-lubrificanti","11":"product_tag-uomo","13":"first","14":"instock","15":"taxable","16":"shipping-taxable","17":"purchasable","18":"product-type-simple"},"_links":{"self":[{"href":"https:\/\/www.lovgasmstore.com\/index.php\/wp-json\/wp\/v2\/product\/4437","targetHints":{"allow":["GET"]}}],"collection":[{"href":"https:\/\/www.lovgasmstore.com\/index.php\/wp-json\/wp\/v2\/product"}],"about":[{"href":"https:\/\/www.lovgasmstore.com\/index.php\/wp-json\/wp\/v2\/types\/product"}],"replies":[{"embeddable":true,"href":"https:\/\/www.lovgasmstore.com\/index.php\/wp-json\/wp\/v2\/comments?post=4437"}],"version-history":[{"count":2,"href":"https:\/\/www.lovgasmstore.com\/index.php\/wp-json\/wp\/v2\/product\/4437\/revisions"}],"predecessor-version":[{"id":6153,"href":"https:\/\/www.lovgasmstore.com\/index.php\/wp-json\/wp\/v2\/product\/4437\/revisions\/6153"}],"wp:featuredmedia":[{"embeddable":true,"href":"https:\/\/www.lovgasmstore.com\/index.php\/wp-json\/wp\/v2\/media\/4580"}],"wp:attachment":[{"href":"https:\/\/www.lovgasmstore.com\/index.php\/wp-json\/wp\/v2\/media?parent=4437"}],"wp:term":[{"taxonomy":"product_brand","embeddable":true,"href":"https:\/\/www.lovgasmstore.com\/index.php\/wp-json\/wp\/v2\/product_brand?post=4437"},{"taxonomy":"product_cat","embeddable":true,"href":"https:\/\/www.lovgasmstore.com\/index.php\/wp-json\/wp\/v2\/product_cat?post=4437"},{"taxonomy":"product_tag","embeddable":true,"href":"https:\/\/www.lovgasmstore.com\/index.php\/wp-json\/wp\/v2\/product_tag?post=4437"}],"curies":[{"name":"wp","href":"https:\/\/api.w.org\/{rel}","templated":true}]}}