{"id":4427,"date":"2024-06-05T13:46:55","date_gmt":"2024-06-05T11:46:55","guid":{"rendered":""},"modified":"2025-05-12T18:27:23","modified_gmt":"2025-05-12T16:27:23","slug":"anello-vibrante-brandon","status":"publish","type":"product","link":"https:\/\/www.lovgasmstore.com\/index.php\/prodotto\/anello-vibrante-brandon\/","title":{"rendered":"ANELLO VIBRANTE BRANDON"},"content":{"rendered":"<p data-mce-fragment=\"1\">SOFISTICATO, grazie alla sua tecnologia e dedicato alla fermezza di un Vero Uomo.<\/p>\n<p data-mce-fragment=\"1\">RIVOLUZIONARIO: Le vibrazioni, insieme al confortevole anello, danno un climax formicolio e intrigante. Una sensazione intensa, che ricorda gli orgasmi degli adolescenti.<\/p>\n<p data-mce-fragment=\"1\">ELEGANTE, discreto e silenzioso, Brad gioca con l&#8217;ambiguit\u00e0 di ci\u00f2 che \u00e8 nascosto dentro, un anello che prolungher\u00e0 l&#8217;atto sessuale.<\/p>\n<p data-mce-fragment=\"1\">Si adatta rapidamente e naturalmente alla temperatura del tuo corpo.<\/p>\n<ul data-mce-fragment=\"1\">\n<li data-mce-fragment=\"1\">Brandon \u00e8 un versatile anello vibrante e manica da tennis in un unico pezzo<\/li>\n<li data-mce-fragment=\"1\">Perfetto per le coppie<\/li>\n<li data-mce-fragment=\"1\">Giocattolo premium<\/li>\n<li data-mce-fragment=\"1\">Piacere molto confortevole e alto<\/li>\n<li data-mce-fragment=\"1\">Brandon \u00e8 facile da fissare in posizione, grazie al suo anello flessibile. Basta posizionare Brandon alla base del pene e attivare il pulsante vibraiton che fornisce una stimolazione clitoridea unica.<\/li>\n<li data-mce-fragment=\"1\">Potente stimolazione clitoridea, grazie al coniglio sensoriale.<\/li>\n<li data-mce-fragment=\"1\">Erezione pi\u00f9 lunga e duratura<\/li>\n<li data-mce-fragment=\"1\">Garantito: l&#8217;anello in silicone \u00e8 estremamente flessibile e pu\u00f2 essere rimosso in qualsiasi momento.<\/li>\n<li data-mce-fragment=\"1\">Con un design allegro e una funzionalit\u00e0 studiata.<\/li>\n<\/ul>\n<p data-mce-fragment=\"1\">Incorpora un motore ricaricabile con diversi programmi che trasformeranno le vostre serate in vorticosi vortici di piacere.<\/p>\n<ul data-mce-fragment=\"1\">\n<li data-mce-fragment=\"1\">100% silicone liscio di prima qualit\u00e0 per uso medico<\/li>\n<li data-mce-fragment=\"1\">7 modalit\u00e0 di vibrazione<\/li>\n<li data-mce-fragment=\"1\">Resistente all&#8217;acqua \/ adatto per doccia o spa<\/li>\n<li data-mce-fragment=\"1\">Il materiale \u00e8 sicuro per uso personale<\/li>\n<li data-mce-fragment=\"1\">Senza ftalati<\/li>\n<li data-mce-fragment=\"1\">Misure totali: 8 cm x 9 cm<\/li>\n<li data-mce-fragment=\"1\">Diametro dell&#8217;anello: 3 cm, flessibile, adattabile a tutte le dimensioni del pene<\/li>\n<li data-mce-fragment=\"1\">1 motore<\/li>\n<li data-mce-fragment=\"1\">USB ricaricabile (cavo incluso)<\/li>\n<li data-mce-fragment=\"1\">Ergonomicamente corretto<\/li>\n<li data-mce-fragment=\"1\">Controllo retroilluminato con luci LED<\/li>\n<li data-mce-fragment=\"1\">Stimolazione del clitoride<\/li>\n<\/ul>\n<p data-mce-fragment=\"1\"><strong data-mce-fragment=\"1\">Lavoro \/ Utilizzo<\/strong><\/p>\n<p data-mce-fragment=\"1\">Per accendere Zac, premere il pulsante on \/ off<img decoding=\"async\" src=\"https:\/\/www.lovgasmstore.com\/wp-content\/uploads\/2024\/06\/ENCENDIDO.jpg\" data-mce-fragment=\"1\" data-mce-src=\"https:\/\/www.lovgasmstore.com\/wp-content\/uploads\/2024\/06\/ENCENDIDO.jpg\"><span data-mce-fragment=\"1\">\u00a0<\/span>per 2 secondi. Questo attiver\u00e0 la modalit\u00e0 vibrante. Quindi premere il pulsante<img decoding=\"async\" src=\"https:\/\/www.lovgasmstore.com\/wp-content\/uploads\/2024\/06\/ENCENDIDO.jpg\" data-mce-fragment=\"1\" data-mce-src=\"https:\/\/www.lovgasmstore.com\/wp-content\/uploads\/2024\/06\/ENCENDIDO.jpg\"><span data-mce-fragment=\"1\">\u00a0<\/span>pulsante per scorrere le 7 diverse modalit\u00e0 di vibrazione. Una volta che Zac ha finito, premi il tasto<img decoding=\"async\" src=\"https:\/\/www.lovgasmstore.com\/wp-content\/uploads\/2024\/06\/ENCENDIDO.jpg\" data-mce-fragment=\"1\" data-mce-src=\"https:\/\/www.lovgasmstore.com\/wp-content\/uploads\/2024\/06\/ENCENDIDO.jpg\"><span data-mce-fragment=\"1\">\u00a0<\/span>per 2 secondi per spegnerlo.<\/p>\n<div data-mce-fragment=\"1\"><strong data-mce-fragment=\"1\">Ricarica<\/strong><\/div>\n<div data-mce-fragment=\"1\"><br data-mce-fragment=\"1\"><\/div>\n<div data-mce-fragment=\"1\">Il vibratore \u00e8 ricaricabile che consente una facile manipolazione, senza fastidiosi cavi. Prima di usarlo per la prima volta, dovresti caricarlo completamente. Utilizzare il cavo USB incluso per questo scopo.<\/div>\n<div data-mce-fragment=\"1\">RICARICA: inserire la spina del cavo USB nel foro di connessione per la ricarica. Collegalo all&#8217;alimentazione con un connettore o un computer utilizzando l&#8217;USB. Quando il prodotto \u00e8 in modalit\u00e0 di carica, si accende una luce rossa. Quando la carica \u00e8 completa, la luce si spegne.<\/div>\n<div data-mce-fragment=\"1\">Attenzione: il primo processo di ricarica pu\u00f2 richiedere fino a otto ore.<\/div>\n<div data-mce-fragment=\"1\"><br data-mce-fragment=\"1\"><\/div>\n<div data-mce-fragment=\"1\"><strong data-mce-fragment=\"1\">Disposizione<\/strong><\/div>\n<div data-mce-fragment=\"1\">Lo smaltimento dei dispositivi elettronici deve essere effettuato in conformit\u00e0 alle normative per i rifiuti pericolosi in vigore nell&#8217;Unione Europea e negli altri paesi europei, o secondo le normative locali. Attenersi alle normative specifiche sullo smaltimento dei rifiuti nel proprio paese e, in caso di dubbio, chiedere al proprio rivenditore informazioni sulle opzioni di smaltimento.<\/div>\n<div data-mce-fragment=\"1\">L&#8217;apertura di una scatola di prodotti MORESSA \u00e8 esclusiva. La soddisfazione \u00e8 il nostro obiettivo, per questo abbiamo curato ogni dettaglio.<\/div>\n<div data-mce-fragment=\"1\"><br data-mce-fragment=\"1\"><\/div>\n<div data-mce-fragment=\"1\">Contenuti:<\/div>\n<ul data-mce-fragment=\"1\">\n<li data-mce-fragment=\"1\">Brandon Vibrating Cock Ring-guaina per il pene<\/li>\n<li data-mce-fragment=\"1\">Caricabatterie<\/li>\n<li data-mce-fragment=\"1\">Manuale d&#8217;uso<\/li>\n<\/ul>\n<div data-mce-fragment=\"1\">Moressa \u00e8 un marchio di riferimento per design, qualit\u00e0 e tecnologia. Abbiamo sviluppato un prodotto innovativo e curato ogni ultima parte del processo produttivo per garantire il miglior risultato. Moressa \u00e8 un simbolo di energia, forza e garanzia. Acquistare un Moressa Sex toy significa sentirsi connessi al mondo moderno. Ogni Moressa Toy ti trasporter\u00e0 in un mondo di sensazioni diverso. Un risultato imbattibile grazie al comodo silicone Premium utilizzato e al nostro design ergonomico.<\/div>\n<div data-mce-fragment=\"1\">Moressa ha rivoluzionato l&#8217;industria e il mercato dei sex toy e lavoriamo continuamente su design innovativi per garantire la soddisfazione dei nostri clienti.<\/div>\n<div data-mce-fragment=\"1\"><\/div>\n<div data-mce-fragment=\"1\"><\/div>\n<div data-mce-fragment=\"1\">\n<div id=\"dimensiones-producto\">\n<span>Dimensioni imballo:\u00a0<\/span><span>200 x 104 x 51 Millimetri<\/span>\n<\/div>\n<div id=\"peso-producto\">\n<span>Peso:\u00a0<\/span><span>245 grammi<\/span>\n<\/div>\n<\/div>\n","protected":false},"excerpt":{"rendered":"<p>SOFISTICATO, grazie alla sua tecnologia e dedicato alla fermezza di un Vero Uomo. RIVOLUZIONARIO: Le vibrazioni, insieme al confortevole anello, danno un climax formicolio e intrigante.<span class=\"excerpt-hellip\"> [\u2026]<\/span><\/p>\n","protected":false},"featured_media":4507,"comment_status":"open","ping_status":"closed","template":"","meta":[],"product_brand":[],"product_cat":[230,220],"product_tag":[208,165,182,178],"class_list":{"0":"post-4427","1":"product","2":"type-product","3":"status-publish","4":"has-post-thumbnail","6":"product_cat-anello-per-il-pene","7":"product_cat-pene","8":"product_tag-anello","9":"product_tag-sextoys","10":"product_tag-uomo","11":"product_tag-vibratore","13":"first","14":"instock","15":"sale","16":"taxable","17":"shipping-taxable","18":"purchasable","19":"product-type-simple"},"_links":{"self":[{"href":"https:\/\/www.lovgasmstore.com\/index.php\/wp-json\/wp\/v2\/product\/4427","targetHints":{"allow":["GET"]}}],"collection":[{"href":"https:\/\/www.lovgasmstore.com\/index.php\/wp-json\/wp\/v2\/product"}],"about":[{"href":"https:\/\/www.lovgasmstore.com\/index.php\/wp-json\/wp\/v2\/types\/product"}],"replies":[{"embeddable":true,"href":"https:\/\/www.lovgasmstore.com\/index.php\/wp-json\/wp\/v2\/comments?post=4427"}],"version-history":[{"count":5,"href":"https:\/\/www.lovgasmstore.com\/index.php\/wp-json\/wp\/v2\/product\/4427\/revisions"}],"predecessor-version":[{"id":6161,"href":"https:\/\/www.lovgasmstore.com\/index.php\/wp-json\/wp\/v2\/product\/4427\/revisions\/6161"}],"wp:featuredmedia":[{"embeddable":true,"href":"https:\/\/www.lovgasmstore.com\/index.php\/wp-json\/wp\/v2\/media\/4507"}],"wp:attachment":[{"href":"https:\/\/www.lovgasmstore.com\/index.php\/wp-json\/wp\/v2\/media?parent=4427"}],"wp:term":[{"taxonomy":"product_brand","embeddable":true,"href":"https:\/\/www.lovgasmstore.com\/index.php\/wp-json\/wp\/v2\/product_brand?post=4427"},{"taxonomy":"product_cat","embeddable":true,"href":"https:\/\/www.lovgasmstore.com\/index.php\/wp-json\/wp\/v2\/product_cat?post=4427"},{"taxonomy":"product_tag","embeddable":true,"href":"https:\/\/www.lovgasmstore.com\/index.php\/wp-json\/wp\/v2\/product_tag?post=4427"}],"curies":[{"name":"wp","href":"https:\/\/api.w.org\/{rel}","templated":true}]}}