{"id":4423,"date":"2024-06-05T11:46:26","date_gmt":"2024-06-05T11:46:26","guid":{"rendered":"http:\/\/www.lovgasmstore.com\/index.php\/prodotto\/alive-be-wanded\/"},"modified":"2025-04-15T18:24:56","modified_gmt":"2025-04-15T16:24:56","slug":"alive-be-wanded","status":"publish","type":"product","link":"https:\/\/www.lovgasmstore.com\/index.php\/prodotto\/alive-be-wanded\/","title":{"rendered":"ALIVE &#8211; BE WANDED"},"content":{"rendered":"<p><strong>Be Wanded,<\/strong><span>\u00a0\u00e8 una mini bacchetta massaggiatrice, massaggiatore personale portatile wireless con vibrazione, massaggio a 16 frequenze. Ricaricabile tramite USB.<\/span><\/p>\n<p>La caratteristica principale di questo giocattolo \u00e8 la sua capacit\u00e0 di generare vibrazioni intense. Queste vibrazioni possono variare in intensit\u00e0 e modalit\u00e0, consentendo agli utenti di personalizzare la propria esperienza in base alle proprie preferenze. Dalle pulsazioni delicate alle vibrazioni potenti, la bacchetta del massaggiatore offre una gamma completa di opzioni per soddisfare esigenze e desideri diversi.<\/p>\n<p>Oltre alla funzione primaria di massaggio, molte bacchette massaggianti sono progettate per essere multifunzionali e possono essere utilizzate su varie aree del corpo. Possono alleviare la tensione muscolare delle spalle, della schiena e del collo, oltre ad alleviare la tensione muscolare. come offrire stimolazione sensuale nelle zone erogene.<\/p>\n<p>Questi dispositivi sono ricaricabili per un facile utilizzo continuo, eliminando la necessit\u00e0 di batterie usa e getta. La maggior parte dispone anche di controlli intuitivi che consentono agli utenti di regolare facilmente l&#8217;intensit\u00e0 delle vibrazioni.<\/p>\n<p><u><strong>CARATTERISTICHE:<\/strong><\/u><\/p>\n<ul>\n<li>Colore: viola<\/li>\n<li>\n<u>Dimensioni<\/u><span>\u00a0<\/span>: Lunghezza 20 cm \/ Diametro 4,1 cm<\/li>\n<li>Numero di funzioni: 16<\/li>\n<li>Numero di motori: 1<\/li>\n<li>Impermeabilit\u00e0: IPX5 a prova di spruzzi d&#8217;acqua<\/li>\n<li>Area di stimolazione: Clitoride<\/li>\n<\/ul>\n","protected":false},"excerpt":{"rendered":"<p>Be Wanded,\u00a0\u00e8 una mini bacchetta massaggiatrice, massaggiatore personale portatile wireless con vibrazione, massaggio a 16 frequenze. Ricaricabile tramite USB. La caratteristica principale di questo giocattolo \u00e8<span class=\"excerpt-hellip\"> [\u2026]<\/span><\/p>\n","protected":false},"featured_media":4481,"comment_status":"open","ping_status":"closed","template":"","meta":[],"product_brand":[],"product_cat":[226,219],"product_tag":[170,188,165,178],"class_list":{"0":"post-4423","1":"product","2":"type-product","3":"status-publish","4":"has-post-thumbnail","6":"product_cat-massaggiatore","7":"product_cat-vagina","8":"product_tag-donna","9":"product_tag-massaggiatore","10":"product_tag-sextoys","11":"product_tag-vibratore","13":"first","14":"instock","15":"taxable","16":"shipping-taxable","17":"purchasable","18":"product-type-simple"},"_links":{"self":[{"href":"https:\/\/www.lovgasmstore.com\/index.php\/wp-json\/wp\/v2\/product\/4423","targetHints":{"allow":["GET"]}}],"collection":[{"href":"https:\/\/www.lovgasmstore.com\/index.php\/wp-json\/wp\/v2\/product"}],"about":[{"href":"https:\/\/www.lovgasmstore.com\/index.php\/wp-json\/wp\/v2\/types\/product"}],"replies":[{"embeddable":true,"href":"https:\/\/www.lovgasmstore.com\/index.php\/wp-json\/wp\/v2\/comments?post=4423"}],"version-history":[{"count":2,"href":"https:\/\/www.lovgasmstore.com\/index.php\/wp-json\/wp\/v2\/product\/4423\/revisions"}],"predecessor-version":[{"id":6164,"href":"https:\/\/www.lovgasmstore.com\/index.php\/wp-json\/wp\/v2\/product\/4423\/revisions\/6164"}],"wp:featuredmedia":[{"embeddable":true,"href":"https:\/\/www.lovgasmstore.com\/index.php\/wp-json\/wp\/v2\/media\/4481"}],"wp:attachment":[{"href":"https:\/\/www.lovgasmstore.com\/index.php\/wp-json\/wp\/v2\/media?parent=4423"}],"wp:term":[{"taxonomy":"product_brand","embeddable":true,"href":"https:\/\/www.lovgasmstore.com\/index.php\/wp-json\/wp\/v2\/product_brand?post=4423"},{"taxonomy":"product_cat","embeddable":true,"href":"https:\/\/www.lovgasmstore.com\/index.php\/wp-json\/wp\/v2\/product_cat?post=4423"},{"taxonomy":"product_tag","embeddable":true,"href":"https:\/\/www.lovgasmstore.com\/index.php\/wp-json\/wp\/v2\/product_tag?post=4423"}],"curies":[{"name":"wp","href":"https:\/\/api.w.org\/{rel}","templated":true}]}}