{"id":4416,"date":"2024-06-05T11:45:19","date_gmt":"2024-06-05T11:45:19","guid":{"rendered":"http:\/\/www.lovgasmstore.com\/index.php\/prodotto\/anal-douche\/"},"modified":"2025-05-12T18:39:24","modified_gmt":"2025-05-12T16:39:24","slug":"anal-douche","status":"publish","type":"product","link":"https:\/\/www.lovgasmstore.com\/index.php\/prodotto\/anal-douche\/","title":{"rendered":"ADDICTED TOYS &#8211; DOCCIA ANALE NERA"},"content":{"rendered":"<p><meta charset=\"UTF-8\"><\/p>\n<p data-mce-fragment=\"1\">La pulizia non \u00e8 mai stata cos\u00ec divertente. Questo sistema progettato per essere piacevole e pratico allo stesso tempo, questo clistere tpr ipoallergenico \u00e8 comodo, facile da usare e sicuro per i principianti. \u00c8 privo di ftalati, privo di lattice e non poroso, quindi \u00e8 il materiale per prodotti sessuali pi\u00f9 sicuro sul mercato!<\/p>\n<p data-mce-fragment=\"1\">La punta sottile e affusolata ha un foro spray per distribuire il liquido in modo uniforme e si separa dalla pera per una facile pulizia. \u00c8 perfetto per lui o per lei. Riempilo con il liquido che \u00e8 sicuro con il corpo che ti piace di pi\u00f9 e goditi il divertimento in modo pulito!<\/p>\n<p data-mce-fragment=\"1\">Prima e dopo il divertimento, pulire \u00e8 molto facile sia per lei che per lui con un po &#8216;di acqua calda e il detergente per giocattoli waterfeel.<\/p>\n","protected":false},"excerpt":{"rendered":"<p>La pulizia non \u00e8 mai stata cos\u00ec divertente. Questo sistema progettato per essere piacevole e pratico allo stesso tempo, questo clistere tpr ipoallergenico \u00e8 comodo, facile<span class=\"excerpt-hellip\"> [\u2026]<\/span><\/p>\n","protected":false},"featured_media":4425,"comment_status":"open","ping_status":"closed","template":"","meta":[],"product_brand":[],"product_cat":[221,233],"product_tag":[203,170,165,182],"class_list":{"0":"post-4416","1":"product","2":"type-product","3":"status-publish","4":"has-post-thumbnail","6":"product_cat-ano","7":"product_cat-plug-anale","8":"product_tag-anale","9":"product_tag-donna","10":"product_tag-sextoys","11":"product_tag-uomo","13":"first","14":"instock","15":"taxable","16":"shipping-taxable","17":"purchasable","18":"product-type-simple"},"_links":{"self":[{"href":"https:\/\/www.lovgasmstore.com\/index.php\/wp-json\/wp\/v2\/product\/4416","targetHints":{"allow":["GET"]}}],"collection":[{"href":"https:\/\/www.lovgasmstore.com\/index.php\/wp-json\/wp\/v2\/product"}],"about":[{"href":"https:\/\/www.lovgasmstore.com\/index.php\/wp-json\/wp\/v2\/types\/product"}],"replies":[{"embeddable":true,"href":"https:\/\/www.lovgasmstore.com\/index.php\/wp-json\/wp\/v2\/comments?post=4416"}],"version-history":[{"count":2,"href":"https:\/\/www.lovgasmstore.com\/index.php\/wp-json\/wp\/v2\/product\/4416\/revisions"}],"predecessor-version":[{"id":6169,"href":"https:\/\/www.lovgasmstore.com\/index.php\/wp-json\/wp\/v2\/product\/4416\/revisions\/6169"}],"wp:featuredmedia":[{"embeddable":true,"href":"https:\/\/www.lovgasmstore.com\/index.php\/wp-json\/wp\/v2\/media\/4425"}],"wp:attachment":[{"href":"https:\/\/www.lovgasmstore.com\/index.php\/wp-json\/wp\/v2\/media?parent=4416"}],"wp:term":[{"taxonomy":"product_brand","embeddable":true,"href":"https:\/\/www.lovgasmstore.com\/index.php\/wp-json\/wp\/v2\/product_brand?post=4416"},{"taxonomy":"product_cat","embeddable":true,"href":"https:\/\/www.lovgasmstore.com\/index.php\/wp-json\/wp\/v2\/product_cat?post=4416"},{"taxonomy":"product_tag","embeddable":true,"href":"https:\/\/www.lovgasmstore.com\/index.php\/wp-json\/wp\/v2\/product_tag?post=4416"}],"curies":[{"name":"wp","href":"https:\/\/api.w.org\/{rel}","templated":true}]}}