{"id":4414,"date":"2024-06-05T11:45:11","date_gmt":"2024-06-05T11:45:11","guid":{"rendered":"http:\/\/www.lovgasmstore.com\/index.php\/prodotto\/anelli-regolabili\/"},"modified":"2025-04-15T18:25:57","modified_gmt":"2025-04-15T16:25:57","slug":"anelli-regolabili","status":"publish","type":"product","link":"https:\/\/www.lovgasmstore.com\/index.php\/prodotto\/anelli-regolabili\/","title":{"rendered":"ADDICTED TOYS &#8211; ANELLI REGOLABILI PER PENE"},"content":{"rendered":"<p><meta charset=\"UTF-8\"><\/p>\n<p data-mce-fragment=\"1\">I giocattoli dipendenti sono giocattoli di qualit\u00e0.\u00a0<\/p>\n<p data-mce-fragment=\"1\">Limitando il flusso sanguigno, i nostri anelli <strong>migliorano le dimensioni e la resistenza del pene<\/strong>, stimolando il clitoride e aiutando a raggiungere un orgasmo pi\u00f9 veloce.<\/p>\n<p data-mce-fragment=\"1\">Godrai il tipo di sesso che hai sempre sognato.<\/p>\n<p data-mce-fragment=\"1\">Prodotto in silicone di alta qualit\u00e0 pu\u00f2 essere utilizzato con qualsiasi lubrificante a base d&#8217;acqua.<\/p>\n<p data-mce-fragment=\"1\">L&#8217;anello superiore si adatta al pene, mentre la parte inferiore dell&#8217;anello avvolge i testicoli, il che lo rende pi\u00f9 grande, pi\u00f9 spesso e fornisce erezioni pi\u00f9 durature. Portalo ovunque e sarai sempre pronto all&#8217;azione!<\/p>\n<ul data-mce-fragment=\"1\">\n<li data-mce-fragment=\"1\">Diametro anello superiore: 3,8 m<\/li>\n<li data-mce-fragment=\"1\">Diametro anello inferiore: 5,8 cm<\/li>\n<li data-mce-fragment=\"1\">Flessibile si <strong>adatta<\/strong> a quasi tutte le <strong>dimensioni del pene.<\/strong>\n<\/li>\n<\/ul>\n","protected":false},"excerpt":{"rendered":"<p>I giocattoli dipendenti sono giocattoli di qualit\u00e0.\u00a0 Limitando il flusso sanguigno, i nostri anelli migliorano le dimensioni e la resistenza del pene, stimolando il clitoride e<span class=\"excerpt-hellip\"> [\u2026]<\/span><\/p>\n","protected":false},"featured_media":4415,"comment_status":"open","ping_status":"closed","template":"","meta":[],"product_brand":[],"product_cat":[230,220],"product_tag":[180,181,165,182],"class_list":{"0":"post-4414","1":"product","2":"type-product","3":"status-publish","4":"has-post-thumbnail","6":"product_cat-anello-per-il-pene","7":"product_cat-pene","8":"product_tag-anelli-pene","9":"product_tag-pene","10":"product_tag-sextoys","11":"product_tag-uomo","13":"first","14":"instock","15":"taxable","16":"shipping-taxable","17":"purchasable","18":"product-type-simple"},"_links":{"self":[{"href":"https:\/\/www.lovgasmstore.com\/index.php\/wp-json\/wp\/v2\/product\/4414","targetHints":{"allow":["GET"]}}],"collection":[{"href":"https:\/\/www.lovgasmstore.com\/index.php\/wp-json\/wp\/v2\/product"}],"about":[{"href":"https:\/\/www.lovgasmstore.com\/index.php\/wp-json\/wp\/v2\/types\/product"}],"replies":[{"embeddable":true,"href":"https:\/\/www.lovgasmstore.com\/index.php\/wp-json\/wp\/v2\/comments?post=4414"}],"version-history":[{"count":3,"href":"https:\/\/www.lovgasmstore.com\/index.php\/wp-json\/wp\/v2\/product\/4414\/revisions"}],"predecessor-version":[{"id":6170,"href":"https:\/\/www.lovgasmstore.com\/index.php\/wp-json\/wp\/v2\/product\/4414\/revisions\/6170"}],"wp:featuredmedia":[{"embeddable":true,"href":"https:\/\/www.lovgasmstore.com\/index.php\/wp-json\/wp\/v2\/media\/4415"}],"wp:attachment":[{"href":"https:\/\/www.lovgasmstore.com\/index.php\/wp-json\/wp\/v2\/media?parent=4414"}],"wp:term":[{"taxonomy":"product_brand","embeddable":true,"href":"https:\/\/www.lovgasmstore.com\/index.php\/wp-json\/wp\/v2\/product_brand?post=4414"},{"taxonomy":"product_cat","embeddable":true,"href":"https:\/\/www.lovgasmstore.com\/index.php\/wp-json\/wp\/v2\/product_cat?post=4414"},{"taxonomy":"product_tag","embeddable":true,"href":"https:\/\/www.lovgasmstore.com\/index.php\/wp-json\/wp\/v2\/product_tag?post=4414"}],"curies":[{"name":"wp","href":"https:\/\/api.w.org\/{rel}","templated":true}]}}